{"id":6767,"date":"2022-04-20T14:01:15","date_gmt":"2022-04-20T12:01:15","guid":{"rendered":"https:\/\/verdevillaggio.com\/hebergement\/"},"modified":"2023-12-19T16:24:17","modified_gmt":"2023-12-19T15:24:17","slug":"hebergement","status":"publish","type":"page","link":"https:\/\/verdevillaggio.com\/fr\/hebergement\/","title":{"rendered":"H\u00e9bergement"},"content":{"rendered":"\t\t<div data-elementor-type=\"wp-page\" data-elementor-id=\"6767\" class=\"elementor elementor-6767 elementor-40\">\n\t\t\t\t\t\t<section class=\"elementor-section elementor-top-section elementor-element elementor-element-2ddd7eb elementor-section-boxed elementor-section-height-default elementor-section-height-default\" data-id=\"2ddd7eb\" data-element_type=\"section\" data-e-type=\"section\" data-settings=\"{&quot;background_background&quot;:&quot;classic&quot;}\">\n\t\t\t\t\t\t<div class=\"elementor-container elementor-column-gap-default\">\n\t\t\t\t\t<div class=\"elementor-column elementor-col-100 elementor-top-column elementor-element elementor-element-c3c9d1e\" data-id=\"c3c9d1e\" data-element_type=\"column\" data-e-type=\"column\">\n\t\t\t<div class=\"elementor-widget-wrap elementor-element-populated\">\n\t\t\t\t\t\t<div class=\"elementor-element elementor-element-80c4479 elementor-widget elementor-widget-heading\" data-id=\"80c4479\" data-element_type=\"widget\" data-e-type=\"widget\" data-widget_type=\"heading.default\">\n\t\t\t\t<div class=\"elementor-widget-container\">\n\t\t\t\t\t<h1 class=\"elementor-heading-title elementor-size-xl\">Nos logements<\/h1>\t\t\t\t<\/div>\n\t\t\t\t<\/div>\n\t\t\t\t<div class=\"elementor-element elementor-element-728c65a elementor-widget-divider--view-line elementor-widget elementor-widget-divider\" data-id=\"728c65a\" data-element_type=\"widget\" data-e-type=\"widget\" data-widget_type=\"divider.default\">\n\t\t\t\t<div class=\"elementor-widget-container\">\n\t\t\t\t\t\t\t<div class=\"elementor-divider\">\n\t\t\t<span class=\"elementor-divider-separator\">\n\t\t\t\t\t\t<\/span>\n\t\t<\/div>\n\t\t\t\t\t\t<\/div>\n\t\t\t\t<\/div>\n\t\t\t\t\t<\/div>\n\t\t<\/div>\n\t\t\t\t\t<\/div>\n\t\t<\/section>\n\t\t\t\t<section class=\"elementor-section elementor-top-section elementor-element elementor-element-c601c96 elementor-section-boxed elementor-section-height-default elementor-section-height-default\" data-id=\"c601c96\" data-element_type=\"section\" data-e-type=\"section\">\n\t\t\t\t\t\t<div class=\"elementor-container elementor-column-gap-default\">\n\t\t\t\t\t<div class=\"elementor-column elementor-col-100 elementor-top-column elementor-element elementor-element-144a758\" data-id=\"144a758\" data-element_type=\"column\" data-e-type=\"column\">\n\t\t\t<div class=\"elementor-widget-wrap elementor-element-populated\">\n\t\t\t\t\t\t<div class=\"elementor-element elementor-element-c9e2e63 elementor-widget elementor-widget-heading\" data-id=\"c9e2e63\" data-element_type=\"widget\" data-e-type=\"widget\" data-widget_type=\"heading.default\">\n\t\t\t\t<div class=\"elementor-widget-container\">\n\t\t\t\t\t<h2 class=\"elementor-heading-title elementor-size-default\">Choisissez la solution qui vous convient le mieux<\/h2>\t\t\t\t<\/div>\n\t\t\t\t<\/div>\n\t\t\t\t<section class=\"elementor-section elementor-inner-section elementor-element elementor-element-83c5ecb elementor-section-content-middle elementor-section-boxed elementor-section-height-default elementor-section-height-default\" data-id=\"83c5ecb\" data-element_type=\"section\" data-e-type=\"section\">\n\t\t\t\t\t\t<div class=\"elementor-container elementor-column-gap-default\">\n\t\t\t\t\t<div class=\"elementor-column elementor-col-100 elementor-inner-column elementor-element elementor-element-4f42de0\" data-id=\"4f42de0\" data-element_type=\"column\" data-e-type=\"column\">\n\t\t\t<div class=\"elementor-widget-wrap elementor-element-populated\">\n\t\t\t\t\t\t<div class=\"elementor-element elementor-element-b9b6d6e elementor-widget elementor-widget-heading\" data-id=\"b9b6d6e\" data-element_type=\"widget\" data-e-type=\"widget\" data-widget_type=\"heading.default\">\n\t\t\t\t<div class=\"elementor-widget-container\">\n\t\t\t\t\t<h3 class=\"elementor-heading-title elementor-size-default\">...et r\u00e9servez sur notre site Internet !<\/h3>\t\t\t\t<\/div>\n\t\t\t\t<\/div>\n\t\t\t\t<div class=\"elementor-element elementor-element-02abb7e elementor-widget elementor-widget-text-editor\" data-id=\"02abb7e\" data-element_type=\"widget\" data-e-type=\"widget\" data-widget_type=\"text-editor.default\">\n\t\t\t\t<div class=\"elementor-widget-container\">\n\t\t\t\t\t\t\t\t\t<p>Au Verde Villaggio, vous avez diff\u00e9rentes solutions de logement id\u00e9ales pour r\u00e9pondre \u00e0 vos pr\u00e9f\u00e9rences<\/p>\n\t\t\t\t\t\t\t\t<\/div>\n\t\t\t\t<\/div>\n\t\t\t\t\t<\/div>\n\t\t<\/div>\n\t\t\t\t\t<\/div>\n\t\t<\/section>\n\t\t\t\t<div class=\"elementor-element elementor-element-36c3af1 elementor-widget elementor-widget-slider_revolution\" data-id=\"36c3af1\" data-element_type=\"widget\" data-e-type=\"widget\" data-widget_type=\"slider_revolution.default\">\n\t\t\t\t<div class=\"elementor-widget-container\">\n\t\t\t\t\t\n\t\t<div class=\"wp-block-themepunch-revslider\">\n\t\t\t\t<p class=\"rs-p-wp-fix\"><\/p>\n\t\t\t\t<sr7-module data-alias=\"gallery\" data-id=\"4\" id=\"SR7_4_1\" data-version=\"6.7.51\">\n\t\t\t\t\t<sr7-adjuster><\/sr7-adjuster>\n\t\t\t\t\t<sr7-content>\n\t\t\t\t\t\t<sr7-carousel>\n\t\t\t\t\t\t<sr7-slide id=\"SR7_4_1-9\" data-key=\"9\">\n\t\t\t\t\t\t\t<sr7-bg id=\"SR7_4_1-9-slidebg\" class=\"sr7-layer\"><noscript><img decoding=\"async\" src=\"https:\/\/verdevillaggio.com\/wp-content\/uploads\/2023\/05\/camera-doppia-valledaosta.jpg\" alt=\"\" title=\"camera-doppia-valledaosta\"><\/noscript><\/sr7-bg>\n\t\t\t\t\t\t\t<a id=\"SR7_4_1-9-1\" class=\"sr7-layer\" href=\"\/sistemazioni\/camere\/\" target=\"_self\">Camere <br \/>\ncomfort<\/a>\n\t\t\t\t\t\t\t<sr7-txt id=\"SR7_4_1-9-2\" class=\"sr7-layer\">01<\/sr7-txt>\n\t\t\t\t\t\t\t<a id=\"SR7_4_1-9-4\" class=\"sr7-layer\" href=\"\/sistemazioni\/camere\/\" target=\"_self\">Scopri di pi\u00f9...<\/a>\n\t\t\t\t\t\t<\/sr7-slide>\n\t\t\t\t\t\t<sr7-slide id=\"SR7_4_1-29\" data-key=\"29\">\n\t\t\t\t\t\t\t<sr7-bg id=\"SR7_4_1-29-slidebg\" class=\"sr7-layer\"><noscript><img decoding=\"async\" src=\"https:\/\/verdevillaggio.com\/wp-content\/uploads\/2023\/08\/camera-superior.jpg\" alt=\"camera superior valle d&#039;aosta\" title=\"camera superior valle d&#8217;aosta\"><\/noscript><\/sr7-bg>\n\t\t\t\t\t\t\t<a id=\"SR7_4_1-29-1\" class=\"sr7-layer\" href=\"\/sistemazioni\/camere\/\" target=\"_self\">Camere <br \/>\nsuperior<\/a>\n\t\t\t\t\t\t\t<sr7-txt id=\"SR7_4_1-29-2\" class=\"sr7-layer\">02<\/sr7-txt>\n\t\t\t\t\t\t\t<a id=\"SR7_4_1-29-4\" class=\"sr7-layer\" href=\"\/sistemazioni\/camere-superior\/\" target=\"_self\">Scopri di pi\u00f9...<\/a>\n\t\t\t\t\t\t<\/sr7-slide>\n\t\t\t\t\t\t<sr7-slide id=\"SR7_4_1-10\" data-key=\"10\">\n\t\t\t\t\t\t\t<sr7-bg id=\"SR7_4_1-10-slidebg\" class=\"sr7-layer\"><noscript><img decoding=\"async\" src=\"https:\/\/verdevillaggio.com\/wp-content\/uploads\/2023\/05\/appartamento-bilocale-valledaosta.jpg\" alt=\"\" title=\"appartamento-bilocale-valledaosta\"><\/noscript><\/sr7-bg>\n\t\t\t\t\t\t\t<a id=\"SR7_4_1-10-1\" class=\"sr7-layer\" href=\"\/sistemazioni\/bilocali\/\" target=\"_self\">Appartamenti<br \/>\nbilocali<\/a>\n\t\t\t\t\t\t\t<sr7-txt id=\"SR7_4_1-10-2\" class=\"sr7-layer\">03<\/sr7-txt>\n\t\t\t\t\t\t\t<a id=\"SR7_4_1-10-4\" class=\"sr7-layer\" href=\"\/sistemazioni\/bilocali\/\" target=\"_self\">Scopri di pi\u00f9...<\/a>\n\t\t\t\t\t\t<\/sr7-slide>\n\t\t\t\t\t\t<sr7-slide id=\"SR7_4_1-11\" data-key=\"11\">\n\t\t\t\t\t\t\t<sr7-bg id=\"SR7_4_1-11-slidebg\" class=\"sr7-layer\"><noscript><img decoding=\"async\" src=\"https:\/\/verdevillaggio.com\/wp-content\/uploads\/2023\/05\/appartamento-family-valledaosta.jpg\" alt=\"\" title=\"appartamento-family-valledaosta\"><\/noscript><\/sr7-bg>\n\t\t\t\t\t\t\t<a id=\"SR7_4_1-11-1\" class=\"sr7-layer\" href=\"\/sistemazioni\/appartamenti-trilocali\/\" target=\"_self\">Appartamenti<br \/>\ntrilocali<\/a>\n\t\t\t\t\t\t\t<sr7-txt id=\"SR7_4_1-11-2\" class=\"sr7-layer\">04<\/sr7-txt>\n\t\t\t\t\t\t\t<a id=\"SR7_4_1-11-4\" class=\"sr7-layer\" href=\"\/sistemazioni\/appartamenti-trilocali\/\" target=\"_self\">Scopri di pi\u00f9...<\/a>\n\t\t\t\t\t\t<\/sr7-slide>\n\t\t\t\t\t\t<sr7-slide id=\"SR7_4_1-12\" data-key=\"12\">\n\t\t\t\t\t\t\t<sr7-bg id=\"SR7_4_1-12-slidebg\" class=\"sr7-layer\"><noscript><img decoding=\"async\" src=\"https:\/\/verdevillaggio.com\/wp-content\/uploads\/2023\/05\/appartamento-trilocale-valledaosta.jpg\" alt=\"\" title=\"appartamento-trilocale-valledaosta\"><\/noscript><\/sr7-bg>\n\t\t\t\t\t\t\t<a id=\"SR7_4_1-12-1\" class=\"sr7-layer\" href=\"\/sistemazioni\/appartamenti-family\/\" target=\"_self\">Appartamenti<br \/>\nfamily<\/a>\n\t\t\t\t\t\t\t<sr7-txt id=\"SR7_4_1-12-2\" class=\"sr7-layer\">05<\/sr7-txt>\n\t\t\t\t\t\t\t<a id=\"SR7_4_1-12-4\" class=\"sr7-layer\" href=\"\/sistemazioni\/appartamenti-family\/\" target=\"_self\">Scopri di pi\u00f9...<\/a>\n\t\t\t\t\t\t<\/sr7-slide>\n\t\t\t\t\t\t<sr7-slide id=\"SR7_4_1-35\" data-key=\"35\">\n\t\t\t\t\t\t<\/sr7-slide>\n\t\t\t\t\t\t<\/sr7-carousel>\n\t\t\t\t\t<\/sr7-content>\n\t\t\t\t<\/sr7-module>\n\t\t\t\t<script>\n\t\t\t\t\twindow.SR7 ??={};SR7.PMH ??={}; SR7.PMH[\"SR7_4_1\"] = {cn:100,state:false,fn: function() { if (window._tpt!==undefined && window._tpt.prepareModuleHeight !== undefined) {  _tpt.prepareModuleHeight({id:\"SR7_4_1\",el:[900,768,960,720],type:'carousel',shdw:'0',gh:[900,768,960,720],gw:[1240,1024,778,480],vpt:['200px'],size:{fullWidth:true, fullHeight:false},mh:'0',onh:0,onw:0,bg:{color:'rgba(12, 12, 12, 0)'},carousel:{pt:'0',pb:'0'}});   SR7.PMH[\"SR7_4_1\"].state=true;} else if(SR7.PMH[\"SR7_4_1\"].cn-->0)\tsetTimeout( SR7.PMH[\"SR7_4_1\"].fn,19);}};SR7.PMH[\"SR7_4_1\" ].fn();\n\t\t\t\t<\/script>\n<\/div>\n\n\t\t\t\t\t\t<\/div>\n\t\t\t\t<\/div>\n\t\t\t\t\t<\/div>\n\t\t<\/div>\n\t\t\t\t\t<\/div>\n\t\t<\/section>\n\t\t\t\t<section class=\"elementor-section elementor-top-section elementor-element elementor-element-63327bd elementor-section-full_width elementor-section-height-default elementor-section-height-default\" data-id=\"63327bd\" data-element_type=\"section\" data-e-type=\"section\" data-settings=\"{&quot;background_background&quot;:&quot;classic&quot;}\">\n\t\t\t\t\t\t<div class=\"elementor-container elementor-column-gap-no\">\n\t\t\t\t\t<div class=\"elementor-column elementor-col-66 elementor-top-column elementor-element elementor-element-3f58519 elementor-hidden-mobile\" data-id=\"3f58519\" data-element_type=\"column\" data-e-type=\"column\">\n\t\t\t<div class=\"elementor-widget-wrap\">\n\t\t\t\t\t\t\t<\/div>\n\t\t<\/div>\n\t\t\t\t<div class=\"elementor-column elementor-col-33 elementor-top-column elementor-element elementor-element-af92cbe\" data-id=\"af92cbe\" data-element_type=\"column\" data-e-type=\"column\" data-settings=\"{&quot;background_background&quot;:&quot;classic&quot;}\">\n\t\t\t<div class=\"elementor-widget-wrap elementor-element-populated\">\n\t\t\t\t\t\t<div class=\"elementor-element elementor-element-d0574c8 elementor-widget elementor-widget-heading\" data-id=\"d0574c8\" data-element_type=\"widget\" data-e-type=\"widget\" data-widget_type=\"heading.default\">\n\t\t\t\t<div class=\"elementor-widget-container\">\n\t\t\t\t\t<h2 class=\"elementor-heading-title elementor-size-default\">R\u00e9servez sur notre site Internet<\/h2>\t\t\t\t<\/div>\n\t\t\t\t<\/div>\n\t\t\t\t<div class=\"elementor-element elementor-element-7d222c0 elementor-widget__width-initial elementor-widget elementor-widget-text-editor\" data-id=\"7d222c0\" data-element_type=\"widget\" data-e-type=\"widget\" data-widget_type=\"text-editor.default\">\n\t\t\t\t<div class=\"elementor-widget-container\">\n\t\t\t\t\t\t\t\t\t<p>3 raisons de le faire maintenant&#8230;<\/p>\n\t\t\t\t\t\t\t\t<\/div>\n\t\t\t\t<\/div>\n\t\t\t\t<div class=\"elementor-element elementor-element-581db1e elementor-position-left elementor-vertical-align-middle elementor-widget elementor-widget-image-box\" data-id=\"581db1e\" data-element_type=\"widget\" data-e-type=\"widget\" data-widget_type=\"image-box.default\">\n\t\t\t\t<div class=\"elementor-widget-container\">\n\t\t\t\t\t<div class=\"elementor-image-box-wrapper\"><figure class=\"elementor-image-box-img\"><img decoding=\"async\" src=\"https:\/\/verdevillaggio.com\/wp-content\/uploads\/elementor\/thumbs\/risparmia-prenotando-dal-sito-rjkgv0wxvsybfah6ygn4v7iec78zaxfa2hxngbcrb6.png\" title=\"risparmia-prenotando-dal-sito\" alt=\"Cofruit\" class=\"elementor-animation-pulse\" loading=\"lazy\" \/><\/figure><div class=\"elementor-image-box-content\"><h3 class=\"elementor-image-box-title\">Meilleur tarif<\/h3><p class=\"elementor-image-box-description\">En r\u00e9servant sur notre site Internet vous recevrez toujours les meilleurs tarifs sur le march\u00e9<\/p><\/div><\/div>\t\t\t\t<\/div>\n\t\t\t\t<\/div>\n\t\t\t\t<div class=\"elementor-element elementor-element-ec3fb39 elementor-position-left elementor-vertical-align-middle elementor-widget elementor-widget-image-box\" data-id=\"ec3fb39\" data-element_type=\"widget\" data-e-type=\"widget\" data-widget_type=\"image-box.default\">\n\t\t\t\t<div class=\"elementor-widget-container\">\n\t\t\t\t\t<div class=\"elementor-image-box-wrapper\"><figure class=\"elementor-image-box-img\"><img decoding=\"async\" src=\"https:\/\/verdevillaggio.com\/wp-content\/uploads\/elementor\/thumbs\/relazione-diretta-rjkgv0wxvsybfah6ygn4v7iec78zaxfa2hxngbcrb6.png\" title=\"relazione-diretta\" alt=\"Casin\u00f2\" class=\"elementor-animation-pulse\" loading=\"lazy\" \/><\/figure><div class=\"elementor-image-box-content\"><h3 class=\"elementor-image-box-title\">Contact direct<\/h3><p class=\"elementor-image-box-description\">En r\u00e9servant sur notre site Internet vous communiquerez directement avec nous, sans interm\u00e9diaires<\/p><\/div><\/div>\t\t\t\t<\/div>\n\t\t\t\t<\/div>\n\t\t\t\t<div class=\"elementor-element elementor-element-65b941a elementor-position-left elementor-vertical-align-middle elementor-widget elementor-widget-image-box\" data-id=\"65b941a\" data-element_type=\"widget\" data-e-type=\"widget\" data-widget_type=\"image-box.default\">\n\t\t\t\t<div class=\"elementor-widget-container\">\n\t\t\t\t\t<div class=\"elementor-image-box-wrapper\"><figure class=\"elementor-image-box-img\"><img decoding=\"async\" src=\"https:\/\/verdevillaggio.com\/wp-content\/uploads\/elementor\/thumbs\/politiche-di-cancellazione-rjkgv0wxvsybfah6ygn4v7iec78zaxfa2hxngbcrb6.png\" title=\"politiche-di-cancellazione\" alt=\"Tourist Card\" class=\"elementor-animation-pulse\" loading=\"lazy\" \/><\/figure><div class=\"elementor-image-box-content\"><h3 class=\"elementor-image-box-title\">Annulation flexible<\/h3><p class=\"elementor-image-box-description\">Politiques d'annulation plus favorables pour ceux qui r\u00e9servent sur notre site Internet<\/p><\/div><\/div>\t\t\t\t<\/div>\n\t\t\t\t<\/div>\n\t\t\t\t\t<\/div>\n\t\t<\/div>\n\t\t\t\t\t<\/div>\n\t\t<\/section>\n\t\t\t\t<\/div>\n\t\t","protected":false},"excerpt":{"rendered":"<p>Nos logements Choisissez la solution qui vous convient le mieux &#8230;et r\u00e9servez sur notre site Internet ! Au Verde Villaggio, vous avez diff\u00e9rentes solutions de logement id\u00e9ales pour r\u00e9pondre \u00e0 vos pr\u00e9f\u00e9rences R\u00e9servez sur notre site Internet 3 raisons de le faire maintenant&#8230; Meilleur tarif En r\u00e9servant sur notre site Internet vous recevrez toujours les [&hellip;]<\/p>\n","protected":false},"author":1,"featured_media":0,"parent":0,"menu_order":0,"comment_status":"closed","ping_status":"closed","template":"","meta":{"footnotes":""},"class_list":["post-6767","page","type-page","status-publish","hentry"],"yoast_head":"<!-- This site is optimized with the Yoast SEO plugin v27.3 - https:\/\/yoast.com\/product\/yoast-seo-wordpress\/ -->\n<title>H\u00e9bergement - Camere e appartamenti in Valle d&#039;Aosta - Al verde villaggio<\/title>\n<meta name=\"robots\" content=\"index, follow, max-snippet:-1, max-image-preview:large, max-video-preview:-1\" \/>\n<link rel=\"canonical\" href=\"https:\/\/verdevillaggio.com\/fr\/hebergement\/\" \/>\n<meta property=\"og:locale\" content=\"fr_FR\" \/>\n<meta property=\"og:type\" content=\"article\" \/>\n<meta property=\"og:title\" content=\"H\u00e9bergement - Camere e appartamenti in Valle d&#039;Aosta - Al verde villaggio\" \/>\n<meta property=\"og:description\" content=\"Nos logements Choisissez la solution qui vous convient le mieux &#8230;et r\u00e9servez sur notre site Internet ! Au Verde Villaggio, vous avez diff\u00e9rentes solutions de logement id\u00e9ales pour r\u00e9pondre \u00e0 vos pr\u00e9f\u00e9rences R\u00e9servez sur notre site Internet 3 raisons de le faire maintenant&#8230; Meilleur tarif En r\u00e9servant sur notre site Internet vous recevrez toujours les [&hellip;]\" \/>\n<meta property=\"og:url\" content=\"https:\/\/verdevillaggio.com\/fr\/hebergement\/\" \/>\n<meta property=\"og:site_name\" content=\"Camere e appartamenti in Valle d&#039;Aosta - Al verde villaggio\" \/>\n<meta property=\"article:modified_time\" content=\"2023-12-19T15:24:17+00:00\" \/>\n<meta property=\"og:image\" content=\"https:\/\/verdevillaggio.com\/wp-content\/uploads\/elementor\/thumbs\/risparmia-prenotando-dal-sito-qdmkjcrfjre4wruk5xoraushzprjq57nwrwbw78x1e.png\" \/>\n<meta name=\"twitter:card\" content=\"summary_large_image\" \/>\n<meta name=\"twitter:label1\" content=\"Dur\u00e9e de lecture estim\u00e9e\" \/>\n\t<meta name=\"twitter:data1\" content=\"2 minutes\" \/>\n<script type=\"application\/ld+json\" class=\"yoast-schema-graph\">{\"@context\":\"https:\\\/\\\/schema.org\",\"@graph\":[{\"@type\":\"WebPage\",\"@id\":\"https:\\\/\\\/verdevillaggio.com\\\/fr\\\/hebergement\\\/\",\"url\":\"https:\\\/\\\/verdevillaggio.com\\\/fr\\\/hebergement\\\/\",\"name\":\"H\u00e9bergement - Camere e appartamenti in Valle d&#039;Aosta - Al verde villaggio\",\"isPartOf\":{\"@id\":\"https:\\\/\\\/verdevillaggio.com\\\/#website\"},\"primaryImageOfPage\":{\"@id\":\"https:\\\/\\\/verdevillaggio.com\\\/fr\\\/hebergement\\\/#primaryimage\"},\"image\":{\"@id\":\"https:\\\/\\\/verdevillaggio.com\\\/fr\\\/hebergement\\\/#primaryimage\"},\"thumbnailUrl\":\"https:\\\/\\\/verdevillaggio.com\\\/wp-content\\\/uploads\\\/elementor\\\/thumbs\\\/risparmia-prenotando-dal-sito-qdmkjcrfjre4wruk5xoraushzprjq57nwrwbw78x1e.png\",\"datePublished\":\"2022-04-20T12:01:15+00:00\",\"dateModified\":\"2023-12-19T15:24:17+00:00\",\"breadcrumb\":{\"@id\":\"https:\\\/\\\/verdevillaggio.com\\\/fr\\\/hebergement\\\/#breadcrumb\"},\"inLanguage\":\"fr-FR\",\"potentialAction\":[{\"@type\":\"ReadAction\",\"target\":[\"https:\\\/\\\/verdevillaggio.com\\\/fr\\\/hebergement\\\/\"]}]},{\"@type\":\"ImageObject\",\"inLanguage\":\"fr-FR\",\"@id\":\"https:\\\/\\\/verdevillaggio.com\\\/fr\\\/hebergement\\\/#primaryimage\",\"url\":\"https:\\\/\\\/verdevillaggio.com\\\/wp-content\\\/uploads\\\/elementor\\\/thumbs\\\/risparmia-prenotando-dal-sito-qdmkjcrfjre4wruk5xoraushzprjq57nwrwbw78x1e.png\",\"contentUrl\":\"https:\\\/\\\/verdevillaggio.com\\\/wp-content\\\/uploads\\\/elementor\\\/thumbs\\\/risparmia-prenotando-dal-sito-qdmkjcrfjre4wruk5xoraushzprjq57nwrwbw78x1e.png\"},{\"@type\":\"BreadcrumbList\",\"@id\":\"https:\\\/\\\/verdevillaggio.com\\\/fr\\\/hebergement\\\/#breadcrumb\",\"itemListElement\":[{\"@type\":\"ListItem\",\"position\":1,\"name\":\"Home\",\"item\":\"https:\\\/\\\/verdevillaggio.com\\\/fr\\\/\"},{\"@type\":\"ListItem\",\"position\":2,\"name\":\"H\u00e9bergement\"}]},{\"@type\":\"WebSite\",\"@id\":\"https:\\\/\\\/verdevillaggio.com\\\/#website\",\"url\":\"https:\\\/\\\/verdevillaggio.com\\\/\",\"name\":\"Camere e appartamenti in Valle d'Aosta - Al verde villaggio\",\"description\":\"Camere e appartamenti in Valle d&#039;Aosta - Al verde villaggio\",\"publisher\":{\"@id\":\"https:\\\/\\\/verdevillaggio.com\\\/#organization\"},\"potentialAction\":[{\"@type\":\"SearchAction\",\"target\":{\"@type\":\"EntryPoint\",\"urlTemplate\":\"https:\\\/\\\/verdevillaggio.com\\\/?s={search_term_string}\"},\"query-input\":{\"@type\":\"PropertyValueSpecification\",\"valueRequired\":true,\"valueName\":\"search_term_string\"}}],\"inLanguage\":\"fr-FR\"},{\"@type\":\"Organization\",\"@id\":\"https:\\\/\\\/verdevillaggio.com\\\/#organization\",\"name\":\"Camere e appartamenti in Valle d'Aosta - Al verde villaggio\",\"url\":\"https:\\\/\\\/verdevillaggio.com\\\/\",\"logo\":{\"@type\":\"ImageObject\",\"inLanguage\":\"fr-FR\",\"@id\":\"https:\\\/\\\/verdevillaggio.com\\\/#\\\/schema\\\/logo\\\/image\\\/\",\"url\":\"https:\\\/\\\/verdevillaggio.com\\\/wp-content\\\/uploads\\\/2023\\\/05\\\/appartamenti-valledaosta.png\",\"contentUrl\":\"https:\\\/\\\/verdevillaggio.com\\\/wp-content\\\/uploads\\\/2023\\\/05\\\/appartamenti-valledaosta.png\",\"width\":700,\"height\":235,\"caption\":\"Camere e appartamenti in Valle d'Aosta - Al verde villaggio\"},\"image\":{\"@id\":\"https:\\\/\\\/verdevillaggio.com\\\/#\\\/schema\\\/logo\\\/image\\\/\"}}]}<\/script>\n<!-- \/ Yoast SEO plugin. -->","yoast_head_json":{"title":"H\u00e9bergement - Camere e appartamenti in Valle d&#039;Aosta - Al verde villaggio","robots":{"index":"index","follow":"follow","max-snippet":"max-snippet:-1","max-image-preview":"max-image-preview:large","max-video-preview":"max-video-preview:-1"},"canonical":"https:\/\/verdevillaggio.com\/fr\/hebergement\/","og_locale":"fr_FR","og_type":"article","og_title":"H\u00e9bergement - Camere e appartamenti in Valle d&#039;Aosta - Al verde villaggio","og_description":"Nos logements Choisissez la solution qui vous convient le mieux &#8230;et r\u00e9servez sur notre site Internet ! Au Verde Villaggio, vous avez diff\u00e9rentes solutions de logement id\u00e9ales pour r\u00e9pondre \u00e0 vos pr\u00e9f\u00e9rences R\u00e9servez sur notre site Internet 3 raisons de le faire maintenant&#8230; Meilleur tarif En r\u00e9servant sur notre site Internet vous recevrez toujours les [&hellip;]","og_url":"https:\/\/verdevillaggio.com\/fr\/hebergement\/","og_site_name":"Camere e appartamenti in Valle d&#039;Aosta - Al verde villaggio","article_modified_time":"2023-12-19T15:24:17+00:00","og_image":[{"url":"https:\/\/verdevillaggio.com\/wp-content\/uploads\/elementor\/thumbs\/risparmia-prenotando-dal-sito-qdmkjcrfjre4wruk5xoraushzprjq57nwrwbw78x1e.png","type":"","width":"","height":""}],"twitter_card":"summary_large_image","twitter_misc":{"Dur\u00e9e de lecture estim\u00e9e":"2 minutes"},"schema":{"@context":"https:\/\/schema.org","@graph":[{"@type":"WebPage","@id":"https:\/\/verdevillaggio.com\/fr\/hebergement\/","url":"https:\/\/verdevillaggio.com\/fr\/hebergement\/","name":"H\u00e9bergement - Camere e appartamenti in Valle d&#039;Aosta - Al verde villaggio","isPartOf":{"@id":"https:\/\/verdevillaggio.com\/#website"},"primaryImageOfPage":{"@id":"https:\/\/verdevillaggio.com\/fr\/hebergement\/#primaryimage"},"image":{"@id":"https:\/\/verdevillaggio.com\/fr\/hebergement\/#primaryimage"},"thumbnailUrl":"https:\/\/verdevillaggio.com\/wp-content\/uploads\/elementor\/thumbs\/risparmia-prenotando-dal-sito-qdmkjcrfjre4wruk5xoraushzprjq57nwrwbw78x1e.png","datePublished":"2022-04-20T12:01:15+00:00","dateModified":"2023-12-19T15:24:17+00:00","breadcrumb":{"@id":"https:\/\/verdevillaggio.com\/fr\/hebergement\/#breadcrumb"},"inLanguage":"fr-FR","potentialAction":[{"@type":"ReadAction","target":["https:\/\/verdevillaggio.com\/fr\/hebergement\/"]}]},{"@type":"ImageObject","inLanguage":"fr-FR","@id":"https:\/\/verdevillaggio.com\/fr\/hebergement\/#primaryimage","url":"https:\/\/verdevillaggio.com\/wp-content\/uploads\/elementor\/thumbs\/risparmia-prenotando-dal-sito-qdmkjcrfjre4wruk5xoraushzprjq57nwrwbw78x1e.png","contentUrl":"https:\/\/verdevillaggio.com\/wp-content\/uploads\/elementor\/thumbs\/risparmia-prenotando-dal-sito-qdmkjcrfjre4wruk5xoraushzprjq57nwrwbw78x1e.png"},{"@type":"BreadcrumbList","@id":"https:\/\/verdevillaggio.com\/fr\/hebergement\/#breadcrumb","itemListElement":[{"@type":"ListItem","position":1,"name":"Home","item":"https:\/\/verdevillaggio.com\/fr\/"},{"@type":"ListItem","position":2,"name":"H\u00e9bergement"}]},{"@type":"WebSite","@id":"https:\/\/verdevillaggio.com\/#website","url":"https:\/\/verdevillaggio.com\/","name":"Camere e appartamenti in Valle d'Aosta - Al verde villaggio","description":"Camere e appartamenti in Valle d&#039;Aosta - Al verde villaggio","publisher":{"@id":"https:\/\/verdevillaggio.com\/#organization"},"potentialAction":[{"@type":"SearchAction","target":{"@type":"EntryPoint","urlTemplate":"https:\/\/verdevillaggio.com\/?s={search_term_string}"},"query-input":{"@type":"PropertyValueSpecification","valueRequired":true,"valueName":"search_term_string"}}],"inLanguage":"fr-FR"},{"@type":"Organization","@id":"https:\/\/verdevillaggio.com\/#organization","name":"Camere e appartamenti in Valle d'Aosta - Al verde villaggio","url":"https:\/\/verdevillaggio.com\/","logo":{"@type":"ImageObject","inLanguage":"fr-FR","@id":"https:\/\/verdevillaggio.com\/#\/schema\/logo\/image\/","url":"https:\/\/verdevillaggio.com\/wp-content\/uploads\/2023\/05\/appartamenti-valledaosta.png","contentUrl":"https:\/\/verdevillaggio.com\/wp-content\/uploads\/2023\/05\/appartamenti-valledaosta.png","width":700,"height":235,"caption":"Camere e appartamenti in Valle d'Aosta - Al verde villaggio"},"image":{"@id":"https:\/\/verdevillaggio.com\/#\/schema\/logo\/image\/"}}]}},"_links":{"self":[{"href":"https:\/\/verdevillaggio.com\/fr\/wp-json\/wp\/v2\/pages\/6767","targetHints":{"allow":["GET"]}}],"collection":[{"href":"https:\/\/verdevillaggio.com\/fr\/wp-json\/wp\/v2\/pages"}],"about":[{"href":"https:\/\/verdevillaggio.com\/fr\/wp-json\/wp\/v2\/types\/page"}],"author":[{"embeddable":true,"href":"https:\/\/verdevillaggio.com\/fr\/wp-json\/wp\/v2\/users\/1"}],"replies":[{"embeddable":true,"href":"https:\/\/verdevillaggio.com\/fr\/wp-json\/wp\/v2\/comments?post=6767"}],"version-history":[{"count":13,"href":"https:\/\/verdevillaggio.com\/fr\/wp-json\/wp\/v2\/pages\/6767\/revisions"}],"predecessor-version":[{"id":7364,"href":"https:\/\/verdevillaggio.com\/fr\/wp-json\/wp\/v2\/pages\/6767\/revisions\/7364"}],"wp:attachment":[{"href":"https:\/\/verdevillaggio.com\/fr\/wp-json\/wp\/v2\/media?parent=6767"}],"curies":[{"name":"wp","href":"https:\/\/api.w.org\/{rel}","templated":true}]}}