{"id":6727,"date":"2023-06-03T09:21:13","date_gmt":"2023-06-03T07:21:13","guid":{"rendered":"https:\/\/verdevillaggio.com\/petit-dejeuner\/"},"modified":"2023-06-12T15:32:08","modified_gmt":"2023-06-12T13:32:08","slug":"petit-dejeuner","status":"publish","type":"page","link":"https:\/\/verdevillaggio.com\/fr\/petit-dejeuner\/","title":{"rendered":"Petit-d\u00e9jeuner"},"content":{"rendered":"\t\t<div data-elementor-type=\"wp-page\" data-elementor-id=\"6727\" class=\"elementor elementor-6727 elementor-5912\">\n\t\t\t\t\t\t<section class=\"elementor-section elementor-top-section elementor-element elementor-element-2ddd7eb elementor-section-stretched elementor-section-boxed elementor-section-height-default elementor-section-height-default\" data-id=\"2ddd7eb\" data-element_type=\"section\" data-e-type=\"section\" data-settings=\"{&quot;background_background&quot;:&quot;classic&quot;,&quot;stretch_section&quot;:&quot;section-stretched&quot;}\">\n\t\t\t\t\t\t<div class=\"elementor-container elementor-column-gap-default\">\n\t\t\t\t\t<div class=\"elementor-column elementor-col-100 elementor-top-column elementor-element elementor-element-c3c9d1e\" data-id=\"c3c9d1e\" data-element_type=\"column\" data-e-type=\"column\">\n\t\t\t<div class=\"elementor-widget-wrap elementor-element-populated\">\n\t\t\t\t\t\t<div class=\"elementor-element elementor-element-80c4479 elementor-widget elementor-widget-heading\" data-id=\"80c4479\" data-element_type=\"widget\" data-e-type=\"widget\" data-widget_type=\"heading.default\">\n\t\t\t\t<div class=\"elementor-widget-container\">\n\t\t\t\t\t<h1 class=\"elementor-heading-title elementor-size-xl\">Petit-d\u00e9jeuner<\/h1>\t\t\t\t<\/div>\n\t\t\t\t<\/div>\n\t\t\t\t<div class=\"elementor-element elementor-element-728c65a elementor-widget-divider--view-line elementor-widget elementor-widget-divider\" data-id=\"728c65a\" data-element_type=\"widget\" data-e-type=\"widget\" data-widget_type=\"divider.default\">\n\t\t\t\t<div class=\"elementor-widget-container\">\n\t\t\t\t\t\t\t<div class=\"elementor-divider\">\n\t\t\t<span class=\"elementor-divider-separator\">\n\t\t\t\t\t\t<\/span>\n\t\t<\/div>\n\t\t\t\t\t\t<\/div>\n\t\t\t\t<\/div>\n\t\t\t\t\t<\/div>\n\t\t<\/div>\n\t\t\t\t\t<\/div>\n\t\t<\/section>\n\t\t\t\t<section class=\"elementor-section elementor-top-section elementor-element elementor-element-6fccb7f elementor-section-boxed elementor-section-height-default elementor-section-height-default\" data-id=\"6fccb7f\" data-element_type=\"section\" data-e-type=\"section\">\n\t\t\t\t\t\t<div class=\"elementor-container elementor-column-gap-default\">\n\t\t\t\t\t<div class=\"elementor-column elementor-col-50 elementor-top-column elementor-element elementor-element-dd1b0ea\" data-id=\"dd1b0ea\" data-element_type=\"column\" data-e-type=\"column\">\n\t\t\t<div class=\"elementor-widget-wrap elementor-element-populated\">\n\t\t\t\t\t\t<div class=\"elementor-element elementor-element-6177829 elementor-widget elementor-widget-text-editor\" data-id=\"6177829\" data-element_type=\"widget\" data-e-type=\"widget\" data-widget_type=\"text-editor.default\">\n\t\t\t\t<div class=\"elementor-widget-container\">\n\t\t\t\t\t\t\t\t\t<p><span style=\"font-weight: 400;\">Le petit-d\u00e9jeuner propose des <strong>produits fermiers<\/strong> (confitures, fruits, \u0153ufs), des <strong>produits \u00e0 z\u00e9ro km<\/strong> (jus de fruits, miel, yaourts, fromages, charcuterie et biscuits) et d&#8217;autres produits qui compl\u00e8tent l&#8217;offre.<\/span><\/p>\n<p><span style=\"font-weight: 400;\">Le petit-d\u00e9jeuner peut \u00eatre savour\u00e9 dans la salle pr\u00e9vue \u00e0 cet effet, dans la chambre si pr\u00e9vu, ou dans le jardin. En se r\u00e9jouissant du charmant paysage environnant.<\/span><\/p>\n\t\t\t\t\t\t\t\t<\/div>\n\t\t\t\t<\/div>\n\t\t\t\t\t<\/div>\n\t\t<\/div>\n\t\t\t\t<div class=\"elementor-column elementor-col-50 elementor-top-column elementor-element elementor-element-434788a\" data-id=\"434788a\" data-element_type=\"column\" data-e-type=\"column\">\n\t\t\t<div class=\"elementor-widget-wrap elementor-element-populated\">\n\t\t\t\t\t\t<div class=\"elementor-element elementor-element-c0a0ec7 elementor-arrows-position-inside elementor-widget elementor-widget-image-carousel\" data-id=\"c0a0ec7\" data-element_type=\"widget\" data-e-type=\"widget\" data-settings=\"{&quot;slides_to_show&quot;:&quot;1&quot;,&quot;navigation&quot;:&quot;arrows&quot;,&quot;autoplay&quot;:&quot;yes&quot;,&quot;pause_on_hover&quot;:&quot;yes&quot;,&quot;pause_on_interaction&quot;:&quot;yes&quot;,&quot;autoplay_speed&quot;:5000,&quot;infinite&quot;:&quot;yes&quot;,&quot;effect&quot;:&quot;slide&quot;,&quot;speed&quot;:500}\" data-widget_type=\"image-carousel.default\">\n\t\t\t\t<div class=\"elementor-widget-container\">\n\t\t\t\t\t\t\t<div class=\"elementor-image-carousel-wrapper swiper\" role=\"region\" aria-roledescription=\"carousel\" aria-label=\"Image Carousel\" dir=\"ltr\">\n\t\t\t<div class=\"elementor-image-carousel swiper-wrapper swiper-image-stretch\" aria-live=\"off\">\n\t\t\t\t\t\t\t\t<div class=\"swiper-slide\" role=\"group\" aria-roledescription=\"slide\" aria-label=\"1 of 3\"><a data-elementor-open-lightbox=\"yes\" data-elementor-lightbox-slideshow=\"c0a0ec7\" data-elementor-lightbox-title=\"colazione-1\" data-e-action-hash=\"#elementor-action%3Aaction%3Dlightbox%26settings%3DeyJpZCI6NjcyMCwidXJsIjoiaHR0cHM6XC9cL3ZlcmRldmlsbGFnZ2lvLmNvbVwvd3AtY29udGVudFwvdXBsb2Fkc1wvMjAyM1wvMDZcL2NvbGF6aW9uZS0xLmpwZyIsInNsaWRlc2hvdyI6ImMwYTBlYzcifQ%3D%3D\" href=\"https:\/\/verdevillaggio.com\/wp-content\/uploads\/2023\/06\/colazione-1.jpg\"><figure class=\"swiper-slide-inner\"><img decoding=\"async\" class=\"swiper-slide-image\" src=\"https:\/\/verdevillaggio.com\/wp-content\/uploads\/2023\/06\/colazione-1.jpg\" alt=\"colazione-1\" \/><\/figure><\/a><\/div><div class=\"swiper-slide\" role=\"group\" aria-roledescription=\"slide\" aria-label=\"2 of 3\"><a data-elementor-open-lightbox=\"yes\" data-elementor-lightbox-slideshow=\"c0a0ec7\" data-elementor-lightbox-title=\"colazione-2\" data-e-action-hash=\"#elementor-action%3Aaction%3Dlightbox%26settings%3DeyJpZCI6NjcyMiwidXJsIjoiaHR0cHM6XC9cL3ZlcmRldmlsbGFnZ2lvLmNvbVwvd3AtY29udGVudFwvdXBsb2Fkc1wvMjAyM1wvMDZcL2NvbGF6aW9uZS0yLmpwZyIsInNsaWRlc2hvdyI6ImMwYTBlYzcifQ%3D%3D\" href=\"https:\/\/verdevillaggio.com\/wp-content\/uploads\/2023\/06\/colazione-2.jpg\"><figure class=\"swiper-slide-inner\"><img decoding=\"async\" class=\"swiper-slide-image\" src=\"https:\/\/verdevillaggio.com\/wp-content\/uploads\/2023\/06\/colazione-2.jpg\" alt=\"colazione-2\" \/><\/figure><\/a><\/div><div class=\"swiper-slide\" role=\"group\" aria-roledescription=\"slide\" aria-label=\"3 of 3\"><a data-elementor-open-lightbox=\"yes\" data-elementor-lightbox-slideshow=\"c0a0ec7\" data-elementor-lightbox-title=\"colazione-3\" data-e-action-hash=\"#elementor-action%3Aaction%3Dlightbox%26settings%3DeyJpZCI6NjcyNCwidXJsIjoiaHR0cHM6XC9cL3ZlcmRldmlsbGFnZ2lvLmNvbVwvd3AtY29udGVudFwvdXBsb2Fkc1wvMjAyM1wvMDZcL2NvbGF6aW9uZS0zLmpwZyIsInNsaWRlc2hvdyI6ImMwYTBlYzcifQ%3D%3D\" href=\"https:\/\/verdevillaggio.com\/wp-content\/uploads\/2023\/06\/colazione-3.jpg\"><figure class=\"swiper-slide-inner\"><img decoding=\"async\" class=\"swiper-slide-image\" src=\"https:\/\/verdevillaggio.com\/wp-content\/uploads\/2023\/06\/colazione-3.jpg\" alt=\"colazione-3\" \/><\/figure><\/a><\/div>\t\t\t<\/div>\n\t\t\t\t\t\t\t\t\t\t\t\t<div class=\"elementor-swiper-button elementor-swiper-button-prev\" role=\"button\" tabindex=\"0\">\n\t\t\t\t\t\t<i aria-hidden=\"true\" class=\"eicon-chevron-left\"><\/i>\t\t\t\t\t<\/div>\n\t\t\t\t\t<div class=\"elementor-swiper-button elementor-swiper-button-next\" role=\"button\" tabindex=\"0\">\n\t\t\t\t\t\t<i aria-hidden=\"true\" class=\"eicon-chevron-right\"><\/i>\t\t\t\t\t<\/div>\n\t\t\t\t\n\t\t\t\t\t\t\t\t\t<\/div>\n\t\t\t\t\t\t<\/div>\n\t\t\t\t<\/div>\n\t\t\t\t\t<\/div>\n\t\t<\/div>\n\t\t\t\t\t<\/div>\n\t\t<\/section>\n\t\t\t\t<section class=\"elementor-section elementor-top-section elementor-element elementor-element-d1f4285 elementor-section-full_width elementor-section-stretched elementor-section-height-default elementor-section-height-default\" data-id=\"d1f4285\" data-element_type=\"section\" data-e-type=\"section\" data-settings=\"{&quot;background_background&quot;:&quot;classic&quot;,&quot;stretch_section&quot;:&quot;section-stretched&quot;}\">\n\t\t\t\t\t\t<div class=\"elementor-container elementor-column-gap-no\">\n\t\t\t\t\t<div class=\"elementor-column elementor-col-66 elementor-top-column elementor-element elementor-element-62b50ef elementor-hidden-mobile\" data-id=\"62b50ef\" data-element_type=\"column\" data-e-type=\"column\">\n\t\t\t<div class=\"elementor-widget-wrap\">\n\t\t\t\t\t\t\t<\/div>\n\t\t<\/div>\n\t\t\t\t<div class=\"elementor-column elementor-col-33 elementor-top-column elementor-element elementor-element-fbc7929\" data-id=\"fbc7929\" data-element_type=\"column\" data-e-type=\"column\" data-settings=\"{&quot;background_background&quot;:&quot;classic&quot;}\">\n\t\t\t<div class=\"elementor-widget-wrap elementor-element-populated\">\n\t\t\t\t\t\t<div class=\"elementor-element elementor-element-47260db elementor-widget elementor-widget-heading\" data-id=\"47260db\" data-element_type=\"widget\" data-e-type=\"widget\" data-widget_type=\"heading.default\">\n\t\t\t\t<div class=\"elementor-widget-container\">\n\t\t\t\t\t<h2 class=\"elementor-heading-title elementor-size-default\">R\u00e9servez sur notre site Internet<\/h2>\t\t\t\t<\/div>\n\t\t\t\t<\/div>\n\t\t\t\t<div class=\"elementor-element elementor-element-3e8ae30 elementor-widget__width-initial elementor-widget elementor-widget-text-editor\" data-id=\"3e8ae30\" data-element_type=\"widget\" data-e-type=\"widget\" data-widget_type=\"text-editor.default\">\n\t\t\t\t<div class=\"elementor-widget-container\">\n\t\t\t\t\t\t\t\t\t<p>3 raisons de le faire maintenant&#8230;<\/p>\n\t\t\t\t\t\t\t\t<\/div>\n\t\t\t\t<\/div>\n\t\t\t\t<div class=\"elementor-element elementor-element-c05b297 elementor-position-left elementor-vertical-align-middle elementor-widget elementor-widget-image-box\" data-id=\"c05b297\" data-element_type=\"widget\" data-e-type=\"widget\" data-widget_type=\"image-box.default\">\n\t\t\t\t<div class=\"elementor-widget-container\">\n\t\t\t\t\t<div class=\"elementor-image-box-wrapper\"><figure class=\"elementor-image-box-img\"><img decoding=\"async\" src=\"https:\/\/verdevillaggio.com\/wp-content\/uploads\/elementor\/thumbs\/risparmia-prenotando-dal-sito-rjkgv0wxvsybfah6ygn4v7iec78zaxfa2hxngbcrb6.png\" title=\"risparmia-prenotando-dal-sito\" alt=\"Cofruit\" class=\"elementor-animation-pulse\" loading=\"lazy\" \/><\/figure><div class=\"elementor-image-box-content\"><h3 class=\"elementor-image-box-title\">Meilleur tarif<\/h3><p class=\"elementor-image-box-description\">En r\u00e9servant sur notre site Internet vous recevrez toujours les meilleurs tarifs sur le march\u00e9<\/p><\/div><\/div>\t\t\t\t<\/div>\n\t\t\t\t<\/div>\n\t\t\t\t<div class=\"elementor-element elementor-element-ada802a elementor-position-left elementor-vertical-align-middle elementor-widget elementor-widget-image-box\" data-id=\"ada802a\" data-element_type=\"widget\" data-e-type=\"widget\" data-widget_type=\"image-box.default\">\n\t\t\t\t<div class=\"elementor-widget-container\">\n\t\t\t\t\t<div class=\"elementor-image-box-wrapper\"><figure class=\"elementor-image-box-img\"><img decoding=\"async\" src=\"https:\/\/verdevillaggio.com\/wp-content\/uploads\/elementor\/thumbs\/relazione-diretta-rjkgv0wxvsybfah6ygn4v7iec78zaxfa2hxngbcrb6.png\" title=\"relazione-diretta\" alt=\"Casin\u00f2\" class=\"elementor-animation-pulse\" loading=\"lazy\" \/><\/figure><div class=\"elementor-image-box-content\"><h3 class=\"elementor-image-box-title\">Contact direct<\/h3><p class=\"elementor-image-box-description\">En r\u00e9servant sur notre site Internet vous communiquerez directement avec nous, sans interm\u00e9diaires<\/p><\/div><\/div>\t\t\t\t<\/div>\n\t\t\t\t<\/div>\n\t\t\t\t<div class=\"elementor-element elementor-element-76cdd03 elementor-position-left elementor-vertical-align-middle elementor-widget elementor-widget-image-box\" data-id=\"76cdd03\" data-element_type=\"widget\" data-e-type=\"widget\" data-widget_type=\"image-box.default\">\n\t\t\t\t<div class=\"elementor-widget-container\">\n\t\t\t\t\t<div class=\"elementor-image-box-wrapper\"><figure class=\"elementor-image-box-img\"><img decoding=\"async\" src=\"https:\/\/verdevillaggio.com\/wp-content\/uploads\/elementor\/thumbs\/politiche-di-cancellazione-rjkgv0wxvsybfah6ygn4v7iec78zaxfa2hxngbcrb6.png\" title=\"politiche-di-cancellazione\" alt=\"Tourist Card\" class=\"elementor-animation-pulse\" loading=\"lazy\" \/><\/figure><div class=\"elementor-image-box-content\"><h3 class=\"elementor-image-box-title\">Annulation flexible<\/h3><p class=\"elementor-image-box-description\">Politiques d'annulation plus favorables pour ceux qui r\u00e9servent sur notre site Internet<\/p><\/div><\/div>\t\t\t\t<\/div>\n\t\t\t\t<\/div>\n\t\t\t\t\t<\/div>\n\t\t<\/div>\n\t\t\t\t\t<\/div>\n\t\t<\/section>\n\t\t\t\t<\/div>\n\t\t","protected":false},"excerpt":{"rendered":"<p>Petit-d\u00e9jeuner Le petit-d\u00e9jeuner propose des produits fermiers (confitures, fruits, \u0153ufs), des produits \u00e0 z\u00e9ro km (jus de fruits, miel, yaourts, fromages, charcuterie et biscuits) et d&#8217;autres produits qui compl\u00e8tent l&#8217;offre. Le petit-d\u00e9jeuner peut \u00eatre savour\u00e9 dans la salle pr\u00e9vue \u00e0 cet effet, dans la chambre si pr\u00e9vu, ou dans le jardin. En se r\u00e9jouissant du [&hellip;]<\/p>\n","protected":false},"author":1,"featured_media":0,"parent":0,"menu_order":0,"comment_status":"closed","ping_status":"closed","template":"","meta":{"footnotes":""},"class_list":["post-6727","page","type-page","status-publish","hentry"],"yoast_head":"<!-- This site is optimized with the Yoast SEO plugin v27.3 - https:\/\/yoast.com\/product\/yoast-seo-wordpress\/ -->\n<title>Petit-d\u00e9jeuner - Camere e appartamenti in Valle d&#039;Aosta - Al verde villaggio<\/title>\n<meta name=\"robots\" content=\"index, follow, max-snippet:-1, max-image-preview:large, max-video-preview:-1\" \/>\n<link rel=\"canonical\" href=\"https:\/\/verdevillaggio.com\/fr\/petit-dejeuner\/\" \/>\n<meta property=\"og:locale\" content=\"fr_FR\" \/>\n<meta property=\"og:type\" content=\"article\" \/>\n<meta property=\"og:title\" content=\"Petit-d\u00e9jeuner - Camere e appartamenti in Valle d&#039;Aosta - Al verde villaggio\" \/>\n<meta property=\"og:description\" content=\"Petit-d\u00e9jeuner Le petit-d\u00e9jeuner propose des produits fermiers (confitures, fruits, \u0153ufs), des produits \u00e0 z\u00e9ro km (jus de fruits, miel, yaourts, fromages, charcuterie et biscuits) et d&#8217;autres produits qui compl\u00e8tent l&#8217;offre. Le petit-d\u00e9jeuner peut \u00eatre savour\u00e9 dans la salle pr\u00e9vue \u00e0 cet effet, dans la chambre si pr\u00e9vu, ou dans le jardin. En se r\u00e9jouissant du [&hellip;]\" \/>\n<meta property=\"og:url\" content=\"https:\/\/verdevillaggio.com\/fr\/petit-dejeuner\/\" \/>\n<meta property=\"og:site_name\" content=\"Camere e appartamenti in Valle d&#039;Aosta - Al verde villaggio\" \/>\n<meta property=\"article:modified_time\" content=\"2023-06-12T13:32:08+00:00\" \/>\n<meta property=\"og:image\" content=\"https:\/\/verdevillaggio.com\/wp-content\/uploads\/2023\/06\/colazione-1.jpg\" \/>\n<meta name=\"twitter:card\" content=\"summary_large_image\" \/>\n<meta name=\"twitter:label1\" content=\"Dur\u00e9e de lecture estim\u00e9e\" \/>\n\t<meta name=\"twitter:data1\" content=\"2 minutes\" \/>\n<script type=\"application\/ld+json\" class=\"yoast-schema-graph\">{\"@context\":\"https:\\\/\\\/schema.org\",\"@graph\":[{\"@type\":\"WebPage\",\"@id\":\"https:\\\/\\\/verdevillaggio.com\\\/fr\\\/petit-dejeuner\\\/\",\"url\":\"https:\\\/\\\/verdevillaggio.com\\\/fr\\\/petit-dejeuner\\\/\",\"name\":\"Petit-d\u00e9jeuner - Camere e appartamenti in Valle d&#039;Aosta - Al verde villaggio\",\"isPartOf\":{\"@id\":\"https:\\\/\\\/verdevillaggio.com\\\/#website\"},\"primaryImageOfPage\":{\"@id\":\"https:\\\/\\\/verdevillaggio.com\\\/fr\\\/petit-dejeuner\\\/#primaryimage\"},\"image\":{\"@id\":\"https:\\\/\\\/verdevillaggio.com\\\/fr\\\/petit-dejeuner\\\/#primaryimage\"},\"thumbnailUrl\":\"https:\\\/\\\/verdevillaggio.com\\\/wp-content\\\/uploads\\\/2023\\\/06\\\/colazione-1.jpg\",\"datePublished\":\"2023-06-03T07:21:13+00:00\",\"dateModified\":\"2023-06-12T13:32:08+00:00\",\"breadcrumb\":{\"@id\":\"https:\\\/\\\/verdevillaggio.com\\\/fr\\\/petit-dejeuner\\\/#breadcrumb\"},\"inLanguage\":\"fr-FR\",\"potentialAction\":[{\"@type\":\"ReadAction\",\"target\":[\"https:\\\/\\\/verdevillaggio.com\\\/fr\\\/petit-dejeuner\\\/\"]}]},{\"@type\":\"ImageObject\",\"inLanguage\":\"fr-FR\",\"@id\":\"https:\\\/\\\/verdevillaggio.com\\\/fr\\\/petit-dejeuner\\\/#primaryimage\",\"url\":\"https:\\\/\\\/verdevillaggio.com\\\/wp-content\\\/uploads\\\/2023\\\/06\\\/colazione-1.jpg\",\"contentUrl\":\"https:\\\/\\\/verdevillaggio.com\\\/wp-content\\\/uploads\\\/2023\\\/06\\\/colazione-1.jpg\"},{\"@type\":\"BreadcrumbList\",\"@id\":\"https:\\\/\\\/verdevillaggio.com\\\/fr\\\/petit-dejeuner\\\/#breadcrumb\",\"itemListElement\":[{\"@type\":\"ListItem\",\"position\":1,\"name\":\"Home\",\"item\":\"https:\\\/\\\/verdevillaggio.com\\\/fr\\\/\"},{\"@type\":\"ListItem\",\"position\":2,\"name\":\"Petit-d\u00e9jeuner\"}]},{\"@type\":\"WebSite\",\"@id\":\"https:\\\/\\\/verdevillaggio.com\\\/#website\",\"url\":\"https:\\\/\\\/verdevillaggio.com\\\/\",\"name\":\"Camere e appartamenti in Valle d'Aosta - Al verde villaggio\",\"description\":\"Camere e appartamenti in Valle d&#039;Aosta - Al verde villaggio\",\"publisher\":{\"@id\":\"https:\\\/\\\/verdevillaggio.com\\\/#organization\"},\"potentialAction\":[{\"@type\":\"SearchAction\",\"target\":{\"@type\":\"EntryPoint\",\"urlTemplate\":\"https:\\\/\\\/verdevillaggio.com\\\/?s={search_term_string}\"},\"query-input\":{\"@type\":\"PropertyValueSpecification\",\"valueRequired\":true,\"valueName\":\"search_term_string\"}}],\"inLanguage\":\"fr-FR\"},{\"@type\":\"Organization\",\"@id\":\"https:\\\/\\\/verdevillaggio.com\\\/#organization\",\"name\":\"Camere e appartamenti in Valle d'Aosta - Al verde villaggio\",\"url\":\"https:\\\/\\\/verdevillaggio.com\\\/\",\"logo\":{\"@type\":\"ImageObject\",\"inLanguage\":\"fr-FR\",\"@id\":\"https:\\\/\\\/verdevillaggio.com\\\/#\\\/schema\\\/logo\\\/image\\\/\",\"url\":\"https:\\\/\\\/verdevillaggio.com\\\/wp-content\\\/uploads\\\/2023\\\/05\\\/appartamenti-valledaosta.png\",\"contentUrl\":\"https:\\\/\\\/verdevillaggio.com\\\/wp-content\\\/uploads\\\/2023\\\/05\\\/appartamenti-valledaosta.png\",\"width\":700,\"height\":235,\"caption\":\"Camere e appartamenti in Valle d'Aosta - Al verde villaggio\"},\"image\":{\"@id\":\"https:\\\/\\\/verdevillaggio.com\\\/#\\\/schema\\\/logo\\\/image\\\/\"}}]}<\/script>\n<!-- \/ Yoast SEO plugin. -->","yoast_head_json":{"title":"Petit-d\u00e9jeuner - Camere e appartamenti in Valle d&#039;Aosta - Al verde villaggio","robots":{"index":"index","follow":"follow","max-snippet":"max-snippet:-1","max-image-preview":"max-image-preview:large","max-video-preview":"max-video-preview:-1"},"canonical":"https:\/\/verdevillaggio.com\/fr\/petit-dejeuner\/","og_locale":"fr_FR","og_type":"article","og_title":"Petit-d\u00e9jeuner - Camere e appartamenti in Valle d&#039;Aosta - Al verde villaggio","og_description":"Petit-d\u00e9jeuner Le petit-d\u00e9jeuner propose des produits fermiers (confitures, fruits, \u0153ufs), des produits \u00e0 z\u00e9ro km (jus de fruits, miel, yaourts, fromages, charcuterie et biscuits) et d&#8217;autres produits qui compl\u00e8tent l&#8217;offre. Le petit-d\u00e9jeuner peut \u00eatre savour\u00e9 dans la salle pr\u00e9vue \u00e0 cet effet, dans la chambre si pr\u00e9vu, ou dans le jardin. En se r\u00e9jouissant du [&hellip;]","og_url":"https:\/\/verdevillaggio.com\/fr\/petit-dejeuner\/","og_site_name":"Camere e appartamenti in Valle d&#039;Aosta - Al verde villaggio","article_modified_time":"2023-06-12T13:32:08+00:00","og_image":[{"url":"https:\/\/verdevillaggio.com\/wp-content\/uploads\/2023\/06\/colazione-1.jpg","type":"","width":"","height":""}],"twitter_card":"summary_large_image","twitter_misc":{"Dur\u00e9e de lecture estim\u00e9e":"2 minutes"},"schema":{"@context":"https:\/\/schema.org","@graph":[{"@type":"WebPage","@id":"https:\/\/verdevillaggio.com\/fr\/petit-dejeuner\/","url":"https:\/\/verdevillaggio.com\/fr\/petit-dejeuner\/","name":"Petit-d\u00e9jeuner - Camere e appartamenti in Valle d&#039;Aosta - Al verde villaggio","isPartOf":{"@id":"https:\/\/verdevillaggio.com\/#website"},"primaryImageOfPage":{"@id":"https:\/\/verdevillaggio.com\/fr\/petit-dejeuner\/#primaryimage"},"image":{"@id":"https:\/\/verdevillaggio.com\/fr\/petit-dejeuner\/#primaryimage"},"thumbnailUrl":"https:\/\/verdevillaggio.com\/wp-content\/uploads\/2023\/06\/colazione-1.jpg","datePublished":"2023-06-03T07:21:13+00:00","dateModified":"2023-06-12T13:32:08+00:00","breadcrumb":{"@id":"https:\/\/verdevillaggio.com\/fr\/petit-dejeuner\/#breadcrumb"},"inLanguage":"fr-FR","potentialAction":[{"@type":"ReadAction","target":["https:\/\/verdevillaggio.com\/fr\/petit-dejeuner\/"]}]},{"@type":"ImageObject","inLanguage":"fr-FR","@id":"https:\/\/verdevillaggio.com\/fr\/petit-dejeuner\/#primaryimage","url":"https:\/\/verdevillaggio.com\/wp-content\/uploads\/2023\/06\/colazione-1.jpg","contentUrl":"https:\/\/verdevillaggio.com\/wp-content\/uploads\/2023\/06\/colazione-1.jpg"},{"@type":"BreadcrumbList","@id":"https:\/\/verdevillaggio.com\/fr\/petit-dejeuner\/#breadcrumb","itemListElement":[{"@type":"ListItem","position":1,"name":"Home","item":"https:\/\/verdevillaggio.com\/fr\/"},{"@type":"ListItem","position":2,"name":"Petit-d\u00e9jeuner"}]},{"@type":"WebSite","@id":"https:\/\/verdevillaggio.com\/#website","url":"https:\/\/verdevillaggio.com\/","name":"Camere e appartamenti in Valle d'Aosta - Al verde villaggio","description":"Camere e appartamenti in Valle d&#039;Aosta - Al verde villaggio","publisher":{"@id":"https:\/\/verdevillaggio.com\/#organization"},"potentialAction":[{"@type":"SearchAction","target":{"@type":"EntryPoint","urlTemplate":"https:\/\/verdevillaggio.com\/?s={search_term_string}"},"query-input":{"@type":"PropertyValueSpecification","valueRequired":true,"valueName":"search_term_string"}}],"inLanguage":"fr-FR"},{"@type":"Organization","@id":"https:\/\/verdevillaggio.com\/#organization","name":"Camere e appartamenti in Valle d'Aosta - Al verde villaggio","url":"https:\/\/verdevillaggio.com\/","logo":{"@type":"ImageObject","inLanguage":"fr-FR","@id":"https:\/\/verdevillaggio.com\/#\/schema\/logo\/image\/","url":"https:\/\/verdevillaggio.com\/wp-content\/uploads\/2023\/05\/appartamenti-valledaosta.png","contentUrl":"https:\/\/verdevillaggio.com\/wp-content\/uploads\/2023\/05\/appartamenti-valledaosta.png","width":700,"height":235,"caption":"Camere e appartamenti in Valle d'Aosta - Al verde villaggio"},"image":{"@id":"https:\/\/verdevillaggio.com\/#\/schema\/logo\/image\/"}}]}},"_links":{"self":[{"href":"https:\/\/verdevillaggio.com\/fr\/wp-json\/wp\/v2\/pages\/6727","targetHints":{"allow":["GET"]}}],"collection":[{"href":"https:\/\/verdevillaggio.com\/fr\/wp-json\/wp\/v2\/pages"}],"about":[{"href":"https:\/\/verdevillaggio.com\/fr\/wp-json\/wp\/v2\/types\/page"}],"author":[{"embeddable":true,"href":"https:\/\/verdevillaggio.com\/fr\/wp-json\/wp\/v2\/users\/1"}],"replies":[{"embeddable":true,"href":"https:\/\/verdevillaggio.com\/fr\/wp-json\/wp\/v2\/comments?post=6727"}],"version-history":[{"count":19,"href":"https:\/\/verdevillaggio.com\/fr\/wp-json\/wp\/v2\/pages\/6727\/revisions"}],"predecessor-version":[{"id":7066,"href":"https:\/\/verdevillaggio.com\/fr\/wp-json\/wp\/v2\/pages\/6727\/revisions\/7066"}],"wp:attachment":[{"href":"https:\/\/verdevillaggio.com\/fr\/wp-json\/wp\/v2\/media?parent=6727"}],"curies":[{"name":"wp","href":"https:\/\/api.w.org\/{rel}","templated":true}]}}